{"id":1847,"date":"2020-11-18T20:25:12","date_gmt":"2020-11-18T19:25:12","guid":{"rendered":"https:\/\/beram.eu\/?page_id=1847"},"modified":"2020-12-02T18:30:22","modified_gmt":"2020-12-02T17:30:22","slug":"bike","status":"publish","type":"page","link":"https:\/\/beram.eu\/de\/bike\/","title":{"rendered":"Fahrradwege"},"content":{"rendered":"<div class=\"bike_wrapper\">\n<img src=\"https:\/\/beram.eu\/wp-content\/uploads\/2020\/11\/bike.jpg\"   alt=\"bike sredi\u0161nja istra beram\">\n<h1 class=\"bike_title\">Fahrradwege<\/h1>\n<pre><p class=\"bike_text\">The tradition of cycling in Pazin is connected to a long standing activity of the cycling club \"Kamen\", which is one of the leading clubs in Croatia, and to BKmtb Istra in recent time. What is the secret of their success? Perseverance? Good organization and professional training? - Yes, all that, but together with the unique conditions for a successful training along the hilly landscape of central Istria.\n\n<span class=\"bold\">Radfahrkarten Zentralistriens:<\/span>\n- Buzet-Motovun-Pazin (102 Trail of delicious flavours and adventures, 614 Trail of waterfalls , 615 From pond to pond, 616 Postcard from Sv. Petar u \u0160umi),\n- Pazin-\u017dminj-Svetvin\u010denat (614 Trail of waterfalls, 615 From pond to pond, 616 Postcard from Sv. Petar u \u0160umi, 617 San Lorenzo).\n\nIn addition, on disposal there is interactive bike map as well as motorroad bike map of entire Istria.\n\n<span class=\"bold\">Neu im Angebot Zentralisstriens:<\/span> Langzeit und mittelfristige e-Bike Vermietung.\n\n<span class=\"bold\">Auch verf\u00fcgbar:<\/span> Organisationen von Radtouren und die M\u00f6glichkeit des t\u00e4glichen e-Bike Vermietung.<\/p><\/pre>\n<\/div>","protected":false},"excerpt":{"rendered":"<p>Bicycling The tradition of cycling in Pazin is connected to a long standing activity of the cycling club &#8220;Kamen&#8221;, which is one of the leading clubs in Croatia, and to BKmtb Istra in recent time. What is the secret of their success? Perseverance? Good organization and professional training? &#8211; Yes, all that, but together with<\/p>\n<a href=\"https:\/\/beram.eu\/de\/bike\/\"   class=\"more-link\">Read More<\/a>","protected":false},"author":2,"featured_media":0,"parent":0,"menu_order":0,"comment_status":"closed","ping_status":"closed","template":"","meta":[],"_links":{"self":[{"href":"https:\/\/beram.eu\/de\/wp-json\/wp\/v2\/pages\/1847"}],"collection":[{"href":"https:\/\/beram.eu\/de\/wp-json\/wp\/v2\/pages"}],"about":[{"href":"https:\/\/beram.eu\/de\/wp-json\/wp\/v2\/types\/page"}],"author":[{"embeddable":true,"href":"https:\/\/beram.eu\/de\/wp-json\/wp\/v2\/users\/2"}],"replies":[{"embeddable":true,"href":"https:\/\/beram.eu\/de\/wp-json\/wp\/v2\/comments?post=1847"}],"version-history":[{"count":35,"href":"https:\/\/beram.eu\/de\/wp-json\/wp\/v2\/pages\/1847\/revisions"}],"predecessor-version":[{"id":2782,"href":"https:\/\/beram.eu\/de\/wp-json\/wp\/v2\/pages\/1847\/revisions\/2782"}],"wp:attachment":[{"href":"https:\/\/beram.eu\/de\/wp-json\/wp\/v2\/media?parent=1847"}],"curies":[{"name":"wp","href":"https:\/\/api.w.org\/{rel}","templated":true}]}}