{"id":1530,"date":"2020-11-17T17:13:51","date_gmt":"2020-11-17T16:13:51","guid":{"rendered":"https:\/\/beram.eu\/?page_id=1530"},"modified":"2020-12-02T18:46:27","modified_gmt":"2020-12-02T17:46:27","slug":"activities","status":"publish","type":"page","link":"https:\/\/beram.eu\/de\/activities\/","title":{"rendered":"Aktiv Urlaub"},"content":{"rendered":"<div class=\"wp-block-media-text alignwide is-stacked-on-mobile is-vertically-aligned-top activities_block\"   style=\"grid-template-columns:31% auto\"  id=\"zip\"><figure class=\"wp-block-media-text__media\"><img loading=\"lazy\"   width=\"667\"   height=\"1000\"   src=\"https:\/\/beram.eu\/wp-content\/uploads\/2020\/11\/pazin_zip.jpg\"   alt=\"zip line pazin pazinska jama central istria sredisnja istra activities\"   class=\"wp-image-1532 size-full\"   srcset=\"https:\/\/beram.eu\/wp-content\/uploads\/2020\/11\/pazin_zip.jpg 667w, https:\/\/beram.eu\/wp-content\/uploads\/2020\/11\/pazin_zip-200x300.jpg 200w, https:\/\/beram.eu\/wp-content\/uploads\/2020\/11\/pazin_zip-8x12.jpg 8w, https:\/\/beram.eu\/wp-content\/uploads\/2020\/11\/pazin_zip-67x100.jpg 67w\"   sizes=\"(max-width: 667px) 100vw, 667px\" \/><\/figure><div class=\"wp-block-media-text__content\">\n<h4>Zip line Pazinska jama<\/h4>\n<p class=\"activities_text\">Adrenalin Attraktion, an die Sie sich erinnern werden!\n<br>\nDieses adrenalinhaltige Erlebnis, an das Sie sich lange erinnern werden, beginnt auf der gr\u00fcnen Terrasse unterhalb des Hotels Lovac in Pazin und setzt sich aus zwei Strecken zusammen.\n\nErste Strecke ist 220 M lang und erm\u00f6glicht eine Geschwindigkeitsentwicklung von bis zu ca. 50 km\/h. In etwa 10 Sekunden erreichen Sie die andere Seite der Schlucht von Pazin und landen im Hof des Schriftstellerhauses, wo Sie ein Mitarbeiter der Zip line erwartet.\n\nAn der gleichen Stelle ist auch der Start der zweite Strecke, die etwas l\u00e4nger und langsamer ist (280 m), sodass sie uns gen\u00fcgend Zeit bietet, um den Zauber dieser grandiosen Schlucht und den Ausblick auf die mittelalterliche Burg zu genie\u00dfen. Die Fahrt endet oberhalb der H\u00f6hle Babina ku\u0107a.\n\n\u00dcber die neu erstellte Wanderstrecke an der Schlucht von Pazin braucht man gerade mal f\u00fcnf Minuten, um wieder zum Ausgangspunk aufzusteigen.<\/p>\n<\/div><\/div>\n\n\n\n<div class=\"wp-block-media-text alignwide is-stacked-on-mobile is-vertically-aligned-top activities_block\"   style=\"grid-template-columns:31% auto\"   id=\"caving\"><figure class=\"wp-block-media-text__media\"><img loading=\"lazy\"   width=\"667\"   height=\"1000\"   src=\"https:\/\/beram.eu\/wp-content\/uploads\/2020\/11\/pazin_speleo.jpg\"   alt=\"pazin cave central istria sredisnja istra activities\"   class=\"wp-image-1536 size-full\"   srcset=\"https:\/\/beram.eu\/wp-content\/uploads\/2020\/11\/pazin_speleo.jpg 667w, https:\/\/beram.eu\/wp-content\/uploads\/2020\/11\/pazin_speleo-200x300.jpg 200w, https:\/\/beram.eu\/wp-content\/uploads\/2020\/11\/pazin_speleo-8x12.jpg 8w, https:\/\/beram.eu\/wp-content\/uploads\/2020\/11\/pazin_speleo-67x100.jpg 67w\"   sizes=\"(max-width: 667px) 100vw, 667px\" \/><\/figure><div class=\"wp-block-media-text__content\" >\n<h4>H\u00f6hlenabenteuer in der H\u00f6hle von Pazin<\/h4>\n<p class=\"activities_text\">Die H\u00f6hle von Pazin ist ein naturgesch\u00fctztes, spel\u00e4ologisches Objekt, das nicht touristisch hergerichtet ist. Der H\u00f6hlenforschungsverein \"Istrien\" in Pazin f\u00fchrt Sie in Zusammenarbeit mit der \u00f6ffentlichen Einrichtung \"Natura Histrica\" in den Untergrund der H\u00f6hle von Pazin und das w\u00e4hrend des ganzen Jahres nach vorheriger Absprache und abh\u00e4ngig vom Wetter. Der Besuch wird auf eine nat\u00fcrliche umweltfreundliche Weise organisiert geht und bietet Ihnen ein einzigartiges Erlebnis in der Unterwelt.<br>\nZu Beginn der Tour werden Sie mit der Grundausstattung, die f\u00fcr Erkundung notwendig ist, bekannt gemacht und der der Fachmann erkl\u00e4rt ihnen, wie Sie sich im Inneren der H\u00f6hle bewegen und welche Hindernisse vorkommen sprich wie man diese am einfachsten \u00fcberwindet. Dann folgt der Abstieg auf einem angelegten Wanderweg in die Schlucht zum Flussbett der Pazin\u010dica. Der unterirdische Teil der Strecke ist etwa 200 m lang und endet in einer gro\u00dfen Halle mit einem unterirdischen See der 80 m lang ist.<br>\nInnerhalb der H\u00f6hle befindet sich eine kleine Zip-Linie, mit der die Besucher auf die andere Seite des unterirdischen Sees gelangen, was diese Erkundungstour zu einem einzigartigen Erlebnis macht.\nNach der Besichtigung der Unterwelt geht es auf der gleichen Strecke wieder zur\u00fcck. Der Gesamth\u00f6henunterschied betr\u00e4gt ca. 118 m.\n<\/p>\n<\/div><\/div>\n\n\n\n<div class=\"wp-block-media-text alignwide is-stacked-on-mobile is-vertically-aligned-top activities_block\"   style=\"grid-template-columns:31% auto\"   id=\"kringa\"><figure class=\"wp-block-media-text__media\"><img loading=\"lazy\"   width=\"891\"   height=\"891\"   src=\"https:\/\/beram.eu\/wp-content\/uploads\/2020\/11\/adrenalin_park_kringa.jpg\"   alt=\"adrenalin park kringa adrenaline park sredisnja istra central istria activities\"   class=\"wp-image-1539 size-full\"   srcset=\"https:\/\/beram.eu\/wp-content\/uploads\/2020\/11\/adrenalin_park_kringa.jpg 891w, https:\/\/beram.eu\/wp-content\/uploads\/2020\/11\/adrenalin_park_kringa-300x300.jpg 300w, https:\/\/beram.eu\/wp-content\/uploads\/2020\/11\/adrenalin_park_kringa-150x150.jpg 150w, https:\/\/beram.eu\/wp-content\/uploads\/2020\/11\/adrenalin_park_kringa-768x768.jpg 768w, https:\/\/beram.eu\/wp-content\/uploads\/2020\/11\/adrenalin_park_kringa-12x12.jpg 12w, https:\/\/beram.eu\/wp-content\/uploads\/2020\/11\/adrenalin_park_kringa-100x100.jpg 100w, https:\/\/beram.eu\/wp-content\/uploads\/2020\/11\/adrenalin_park_kringa-82x82.jpg 82w, https:\/\/beram.eu\/wp-content\/uploads\/2020\/11\/adrenalin_park_kringa-80x80.jpg 80w\"   sizes=\"(max-width: 891px) 100vw, 891px\" \/><\/figure><div class=\"wp-block-media-text__content\" >\n<h4>Adrenalin park Kringa<\/h4>\n<p class=\"activities_text\">In Kma\u010di\u0107i, an der Strasse zwischen Sveti Lovre\u010d und Kringa, befindet sich der Adrenalin Park Kringa. Der Park ist auf einer Fl\u00e4che von 19.000 Quadratmeter errichtet.<br>\nDer neuge\u00f6ffnete Park bietet eine kurze Strecke auf 1,5 - 2 Meter H\u00f6he, eine lange Strecke auf 5 - 6 Meter H\u00f6he, 4 Zip Linien, eine grosse Schaukel und eine Strecke f\u00fcr Quads. Reiten ist ebenfalls m\u00f6glich.\nIn dem Adrenalinpark gibt es auch ein Fastfoodrestaurant.\nAls Sicherheitssystem wird das schweizerische System Saferoller gebraucht, das bis jetzt das beste und sicherste auf dem Markt ist. Die Leiter sind ausgebildete technische Trainer und Leiter von abenteuerlichen Aktivit\u00e4ten in der Natur.<\/p>\n<\/div><\/div>\n\n\n\n<div class=\"wp-block-media-text alignwide is-stacked-on-mobile is-vertically-aligned-top activities_block\"   style=\"grid-template-columns:31% auto\"   id=\"walking\"><figure class=\"wp-block-media-text__media\"><img loading=\"lazy\"   width=\"1024\"   height=\"683\"   src=\"https:\/\/beram.eu\/wp-content\/uploads\/2020\/11\/walking.jpg\"   alt=\"walking and hiking central istria sredisnja istra activities pazin pazinka hiking association\"   class=\"wp-image-1546 size-full\"   srcset=\"https:\/\/beram.eu\/wp-content\/uploads\/2020\/11\/walking.jpg 1024w, https:\/\/beram.eu\/wp-content\/uploads\/2020\/11\/walking-300x200.jpg 300w, https:\/\/beram.eu\/wp-content\/uploads\/2020\/11\/walking-768x512.jpg 768w, https:\/\/beram.eu\/wp-content\/uploads\/2020\/11\/walking-16x12.jpg 16w, https:\/\/beram.eu\/wp-content\/uploads\/2020\/11\/walking-100x67.jpg 100w\"   sizes=\"(max-width: 1024px) 100vw, 1024px\" \/><\/figure><div class=\"wp-block-media-text__content\">\n<h4>Wanderwege<\/h4>\n<p class=\"activities_text translation-block\">Fu\u00dfg\u00e4nger - und Wanderwege sind in Zentralistrien mit Wandermarkierungen (wei\u00dfer Punkt mit rotem Rand) gekennzeichnet und stellenweise mit Wegweisern, welche alternative Richtungen kennzeichnen. Die Mehrheit der Wege haben die Mitglieder des Wandervereins Pazinka aus Pazin ausget\u00fcftelt und gekennzeichnet, anl\u00e4sslich 125 Jahre organisierten Wanderns in Pazin und in Istrien. Es gibt ausgesprochen viele Wege, aber deren Instandhaltung ist ungleich. Aufgrund der F\u00fclle an Vegetation, welche im Fr\u00fchjahr sehr schnell die Markierungen bedeckt, ist es nicht immer m\u00f6glich, einen optimalen Zustand jedes vereinzelten Wegs zu sichern, sodass wir empfehlen, sich vor dem Start \u00fcber den derzeitigen Zustand des vereinzelten Wegs in unserem Tourismusb\u00fcro zu informieren oder eine der organisierten Trekking Touren zu w\u00e4hlen, welche die lokale Agentur Contineo anbietet.\nNachfolgend beschreiben wir nur jene attraktivsten und zug\u00e4nglichsten Wege.<\/p>\n<\/div><\/div>\n\n\n\n<div class=\"wp-block-media-text alignwide is-stacked-on-mobile is-vertically-aligned-top activities_block\"   style=\"grid-template-columns:31% auto\"   id=\"climbing\"><figure class=\"wp-block-media-text__media\"><img loading=\"lazy\"   width=\"1024\"   height=\"683\"   src=\"https:\/\/beram.eu\/wp-content\/uploads\/2020\/11\/free_climbing.jpg\"   alt=\"free climbing central istria sredisnja istra activities pazin hiperaktiv\"   class=\"wp-image-1549 size-full\"   srcset=\"https:\/\/beram.eu\/wp-content\/uploads\/2020\/11\/free_climbing.jpg 1024w, https:\/\/beram.eu\/wp-content\/uploads\/2020\/11\/free_climbing-300x200.jpg 300w, https:\/\/beram.eu\/wp-content\/uploads\/2020\/11\/free_climbing-768x512.jpg 768w, https:\/\/beram.eu\/wp-content\/uploads\/2020\/11\/free_climbing-16x12.jpg 16w, https:\/\/beram.eu\/wp-content\/uploads\/2020\/11\/free_climbing-100x67.jpg 100w\"   sizes=\"(max-width: 1024px) 100vw, 1024px\" \/><\/figure><div class=\"wp-block-media-text__content\">\n<h4>Freies Klettern<\/h4>\n<p class=\"activities_text\">\nDirekt am Eingang zur Stadt Pazin aus Richtung Rijeka, entlang dem Flusslauf der Pazin\u010dica, hat der Paziner Bergsteigerverein Hiperaktiv im Jahr 1999 mithilfe des st\u00e4dtischen Tourismusverbands zwei kleinere, aber sehr attraktive Kletterw\u00e4nde, mit jeweils etwa zehn qualitativen Richtungen, ausger\u00fcstet. Heute ist der Verein Hiperaktiv einer der aktivsten und erfolgreichsten in Kroatien, und deren Hauptkletterwand neben dem Fluss Pazin\u010dica ist immer besser ausgestattet und reicher an Richtungen. Der Zugang zu den Kletterw\u00e4nden ist mit dem Auto m\u00f6glich, man kann einstweilen Unterschlupf finden, und im Sommer kann man im Bach auch schwimmen.\nDie Entfernung zur Stadt Pazin ist 10 Minuten (2 km), und vom Kletterpark Zare\u010dki krov bis Lido kann man ebenfalls in etwa zehn Minuten gelangen, \u00fcber den Weg entlang dem Bach.\n<\/p>\n<\/div><\/div>\n\n\n\n<div class=\"wp-block-media-text alignwide is-stacked-on-mobile is-vertically-aligned-top activities_block\"   style=\"grid-template-columns:31% auto\"   id=\"fishing\"><figure class=\"wp-block-media-text__media\"><img loading=\"lazy\"   width=\"785\"   height=\"1000\"   src=\"https:\/\/beram.eu\/wp-content\/uploads\/2020\/11\/fishing.jpg\"   alt=\"freshwater fishing central istria sredisnja istra activities pazin pazincica mirna river cerovlje boljuncica rasa river gologoricka pond\"   class=\"wp-image-1552 size-full\"   srcset=\"https:\/\/beram.eu\/wp-content\/uploads\/2020\/11\/fishing.jpg 785w, https:\/\/beram.eu\/wp-content\/uploads\/2020\/11\/fishing-236x300.jpg 236w, https:\/\/beram.eu\/wp-content\/uploads\/2020\/11\/fishing-768x978.jpg 768w, https:\/\/beram.eu\/wp-content\/uploads\/2020\/11\/fishing-9x12.jpg 9w, https:\/\/beram.eu\/wp-content\/uploads\/2020\/11\/fishing-79x100.jpg 79w\"   sizes=\"(max-width: 785px) 100vw, 785px\" \/><\/figure><div class=\"wp-block-media-text__content\">\n<h4>S\u00fc\u00dfwasserfischen<\/h4>\n<p class=\"activities_text translation-block\">Fischfang im S\u00fc\u00dfwasser in Istrien? Ja, nat\u00fcrlich! Und wie! Wegen des milden Klimas ist Istrien einer der seltenen Orte in Europa, wo Fische sogar im Winter bei\u00dfen, wenn woanders die Fischfangsaison bereits l\u00e4ngst zu Ende ist. \u00dcberzeugen Sie sich selbst und nehmen Sie am \u201eCup der Stadt Pazin\u201c teil, einem internationalen Wettbewerb im Fischfang mit Angelhaken \u2013 Schwimmer, welches traditionell im Oktober stattfindet.\nS\u00fc\u00dfwasserfischen Orte mit \"\u0160RD Pazin\u010dica\" Angelnschein: Teich Cerovlje, Flu\u00df Boljun\u010dica, Flu\u00df Pazin\u010dica, Zentrailteil von Mirna Flu\u00df, ein Teil von Ra\u0161a Flu\u00df, Gologori\u010dka Teich.<\/p>\n<\/div><\/div>\n\n\n\n<div class=\"wp-block-media-text alignwide is-stacked-on-mobile is-vertically-aligned-top activities_block\"   style=\"grid-template-columns:31% auto\"   id=\"enduro\"><figure class=\"wp-block-media-text__media\"><img loading=\"lazy\"   width=\"1024\"   height=\"684\"   src=\"https:\/\/beram.eu\/wp-content\/uploads\/2020\/11\/enduro_croatia1.jpg\"   alt=\"enduro central istria sredisnja istra activities\"   class=\"wp-image-1557 size-full\"   srcset=\"https:\/\/beram.eu\/wp-content\/uploads\/2020\/11\/enduro_croatia1.jpg 1024w, https:\/\/beram.eu\/wp-content\/uploads\/2020\/11\/enduro_croatia1-300x200.jpg 300w, https:\/\/beram.eu\/wp-content\/uploads\/2020\/11\/enduro_croatia1-768x513.jpg 768w, https:\/\/beram.eu\/wp-content\/uploads\/2020\/11\/enduro_croatia1-16x12.jpg 16w, https:\/\/beram.eu\/wp-content\/uploads\/2020\/11\/enduro_croatia1-100x67.jpg 100w\"   sizes=\"(max-width: 1024px) 100vw, 1024px\" \/><\/figure><div class=\"wp-block-media-text__content\" >\n<h4>Enduro Croatia<\/h4>\n<p class=\"activities_text translation-block\">Das milde, mediterrane Klima Istriens, die g\u00fcnstige Lage sowie das Bewusstsein f\u00fcr Umweltschutz und Naturschutz bieten beste Voraussetzungen f\u00fcr ein Paradies des Offroad-Sports. Genie\u00dfe mit uns die herrliche Aussicht auf die wei\u00dfen Berge, auf die gr\u00fcnen Wiesen mit ihren Weinbergen und Olivenhainen, die T\u00e4ler, die romantische K\u00fcste und nat\u00fcrlich die tiefblaue Adria! Neben der au\u00dfergew\u00f6hnlichen Natur erwarten dich warmherzige und stets freundliche Menschen, historische St\u00e4dte, kristallklares Meer, gr\u00fcne W\u00e4lder, wundersch\u00f6ne Landschaften \u2013 das ist Istrien! Egal, ob du ein Anf\u00e4nger oder Profi bist\u2013 wir haben f\u00fcr jeden den passenden Track. Du wirst rund um die Uhr von einem erfahrenen Guide begleitet, der dich in allen Belangen pers\u00f6nlich betreut, all deine Fragen gerne beantwortet und auf all deine W\u00fcnsche ganz individuell eingehen kann. Wir k\u00f6nnen zeitgleich bis zu 30 Personen aufnehmen, welche in 3-4 kleinere Gruppen aufgeteilt werden. Jede Gruppe hat einen eigenen Guide.\nWir sind 365 Tage im Jahr f\u00fcr dich da \u2013 kontaktiere uns und buche dein ganz pers\u00f6nliches Off-Road-Abenteuer!<\/p>\n<\/div><\/div>\n\n\n\n<div class=\"wp-block-media-text alignwide is-stacked-on-mobile is-vertically-aligned-top activities_block\"   style=\"grid-template-columns:31% auto\"><figure class=\"wp-block-media-text__media\"><img loading=\"lazy\"   width=\"1024\"   height=\"683\"   src=\"https:\/\/beram.eu\/wp-content\/uploads\/2020\/11\/enduro_kroatien_istrien.jpg\"   alt=\"enduro central istria sredisnja istra activities\"   class=\"wp-image-1558 size-full\"   srcset=\"https:\/\/beram.eu\/wp-content\/uploads\/2020\/11\/enduro_kroatien_istrien.jpg 1024w, https:\/\/beram.eu\/wp-content\/uploads\/2020\/11\/enduro_kroatien_istrien-300x200.jpg 300w, https:\/\/beram.eu\/wp-content\/uploads\/2020\/11\/enduro_kroatien_istrien-768x512.jpg 768w, https:\/\/beram.eu\/wp-content\/uploads\/2020\/11\/enduro_kroatien_istrien-16x12.jpg 16w, https:\/\/beram.eu\/wp-content\/uploads\/2020\/11\/enduro_kroatien_istrien-100x67.jpg 100w\"   sizes=\"(max-width: 1024px) 100vw, 1024px\" \/><\/figure><div class=\"wp-block-media-text__content\">\n<h4>Enduro Kroatien Istrien<\/h4>\n<p class=\"activities_text translation-block\">Enduro-Touren Kroatien sind eine Verbindung von fordernden Enduropfaden durch eine \u00fcppige Landschaft reich an W\u00e4ldern und leichter Endurofahrten entlang des Meeres.\nEntsprechend Ihren w\u00fcnschen haben wir ein vielf\u00e4ltiges Angebot von Strecken, die Ihnen adrenalinreiche Fahrten erm\u00f6glichen, mit Gipfelfahrten mit wundersch\u00f6nen Aussichten, aber auch weniger fordernde Strecken.\nLieben Sie das Meer und wundersch\u00f6ne K\u00fcstenladschaften, bieten wir Ihnen K\u00fcstenfahrten an.\nUm sich jeden Tag neuen Herausforderungen stellen zu k\u00f6nnen, haben sie die M\u00f6glichkeit, die Sie ansprechedste Strecke zu w\u00e4hlen und Wege und Pfade nach eigenem Wunsch zu kombinieren.<\/p>\n<\/div><\/div>\n\n\n\n<div class=\"wp-block-media-text alignwide is-stacked-on-mobile is-vertically-aligned-top activities_block\"   style=\"grid-template-columns:31% auto\"   id=\"equestrian\"><figure class=\"wp-block-media-text__media\"><img loading=\"lazy\"   width=\"1024\"   height=\"683\"   src=\"https:\/\/beram.eu\/wp-content\/uploads\/2020\/11\/jahanje.jpg\"   alt=\"equestrian horse horseback riding central istria sredisnja istra\"   class=\"wp-image-1565 size-full\"   srcset=\"https:\/\/beram.eu\/wp-content\/uploads\/2020\/11\/jahanje.jpg 1024w, https:\/\/beram.eu\/wp-content\/uploads\/2020\/11\/jahanje-300x200.jpg 300w, https:\/\/beram.eu\/wp-content\/uploads\/2020\/11\/jahanje-768x512.jpg 768w, https:\/\/beram.eu\/wp-content\/uploads\/2020\/11\/jahanje-16x12.jpg 16w, https:\/\/beram.eu\/wp-content\/uploads\/2020\/11\/jahanje-100x67.jpg 100w\"   sizes=\"(max-width: 1024px) 100vw, 1024px\" \/><\/figure><div class=\"wp-block-media-text__content\">\n<h4>Reiten<\/h4>\n<p class=\"activities_text\">F\u00fcr alle Reitbegeisterten gibt es in der Umgebung mehrere Reitclubs. Sie bieten Reitstunden und Touren durch Zentral-Istrien an.<\/p>\n<\/div><\/div>\n\n\n\n<div class=\"wp-block-media-text alignwide is-stacked-on-mobile is-vertically-aligned-top\"   style=\"grid-template-columns:32% auto\"   id=\"vela_vrata\"><figure class=\"wp-block-media-text__media\"><img loading=\"lazy\"   width=\"1024\"   height=\"589\"   src=\"https:\/\/beram.eu\/wp-content\/uploads\/2020\/11\/vela_vrata.jpg\"   alt=\"vela vrata tavern istrian traditional food gastronomy central istria sredisnja istra activities\"   class=\"wp-image-1842 size-full\"   srcset=\"https:\/\/beram.eu\/wp-content\/uploads\/2020\/11\/vela_vrata.jpg 1024w, https:\/\/beram.eu\/wp-content\/uploads\/2020\/11\/vela_vrata-300x173.jpg 300w, https:\/\/beram.eu\/wp-content\/uploads\/2020\/11\/vela_vrata-768x442.jpg 768w, https:\/\/beram.eu\/wp-content\/uploads\/2020\/11\/vela_vrata-16x9.jpg 16w, https:\/\/beram.eu\/wp-content\/uploads\/2020\/11\/vela_vrata-100x58.jpg 100w\"   sizes=\"(max-width: 1024px) 100vw, 1024px\" \/><\/figure><div class=\"wp-block-media-text__content\">\n<h4>Taverne Vela vrata<\/h4>\n<p class=\"activities_text\">Die Taverne Vela vrata bietet eine erstklassige Gastronomie mit einer exzellenten Auswahl an traditionellen istrianischen Gerichten.<\/p>\n<\/div><\/div>","protected":false},"excerpt":{"rendered":"<p>Zip line Pazinska jama Adrenaline attraction you will remember! The adventure starts at the edge of a cliff below the hotel &#8220;Lovac&#8221; and it consists of two steel cables above 100 m ground level.&nbsp;First steel cable is 220 m long, and it can reach a speed of 40 km\/h and a maximum height of 100<\/p>\n<a href=\"https:\/\/beram.eu\/de\/activities\/\"   class=\"more-link\">Read More<\/a>","protected":false},"author":2,"featured_media":0,"parent":0,"menu_order":0,"comment_status":"closed","ping_status":"closed","template":"","meta":[],"_links":{"self":[{"href":"https:\/\/beram.eu\/de\/wp-json\/wp\/v2\/pages\/1530"}],"collection":[{"href":"https:\/\/beram.eu\/de\/wp-json\/wp\/v2\/pages"}],"about":[{"href":"https:\/\/beram.eu\/de\/wp-json\/wp\/v2\/types\/page"}],"author":[{"embeddable":true,"href":"https:\/\/beram.eu\/de\/wp-json\/wp\/v2\/users\/2"}],"replies":[{"embeddable":true,"href":"https:\/\/beram.eu\/de\/wp-json\/wp\/v2\/comments?post=1530"}],"version-history":[{"count":47,"href":"https:\/\/beram.eu\/de\/wp-json\/wp\/v2\/pages\/1530\/revisions"}],"predecessor-version":[{"id":2790,"href":"https:\/\/beram.eu\/de\/wp-json\/wp\/v2\/pages\/1530\/revisions\/2790"}],"wp:attachment":[{"href":"https:\/\/beram.eu\/de\/wp-json\/wp\/v2\/media?parent=1530"}],"curies":[{"name":"wp","href":"https:\/\/api.w.org\/{rel}","templated":true}]}}